{"id":827,"date":"2023-01-04T22:45:04","date_gmt":"2023-01-04T21:45:04","guid":{"rendered":"https:\/\/www.simunek.org\/blog\/?page_id=827"},"modified":"2023-09-01T11:44:25","modified_gmt":"2023-09-01T10:44:25","slug":"petr-simunek","status":"publish","type":"page","link":"https:\/\/www.simunek.org\/blog\/","title":{"rendered":"Dipl. Ing. Petr \u0160im\u016fnek"},"content":{"rendered":"\n<p>absolvent \u010cVUT, fakulta elektrotechnick\u00e1, obor program\u00e1tor <\/p>\n\n\n\n<p>Zvukov\u00fd in\u017een\u00fdr se specializac\u00ed na film a video postprodukci, lokalizaci audio stop do \u010de\u0161tiny (dabing), tvorbu audioknih<\/p>\n\n\n\n<p>Od roku 1989 jsem se zab\u00fdval po\u010d\u00edta\u010dovou grafikou a DTP, novou digit\u00e1ln\u00ed sazbou novin, \u010dasopis\u016f, knih, p\u0159\u00edpravou p\u0159ebal\u016f hudebn\u00edch nosi\u010d\u016f. Od roku 1993 jsem podnikal s hudebn\u00edm skladatelem a texta\u0159em Zde\u0148kem Ryt\u00ed\u0159em v oboru programov\u00e1n\u00ed multimedi\u00e1ln\u00edch aplikac\u00ed a po\u010d\u00edta\u010dov\u00fdch her pod pseudonymem Sagam (Samurai Games). Spole\u010dn\u011b jsme vytvo\u0159ili n\u011bkolik multimedi\u00e1ln\u00edch CD-ROM\u016f, vyu\u017e\u00edvaj\u00edc\u00edch technologii Quick Time VR (Proch\u00e1zka N\u00e1rodn\u00edm divadlem, Proch\u00e1zka Karl\u0161tejnem, Barokn\u00ed Praha). Byli jsme tv\u016frci velice \u00fasp\u011b\u0161n\u00e9 digit\u00e1ln\u00ed hry &#8222;<a rel=\"noreferrer noopener\" href=\"https:\/\/www.idnes.cz\/zpravy\/zahranicni\/riskuj-televizni-hra-na-pocitaci.A_990425_220808_strategie_lau\" target=\"_blank\">Riskuj!<\/a>&#8222;, kter\u00e1 byla obdobou stejnojmenn\u00e9 popul\u00e1rn\u00ed televizn\u00ed sout\u011b\u017ee. CD-ROMy a po\u010d\u00edta\u010dov\u00e9 hry vych\u00e1zely ve firm\u011b vydavatelsv\u00ed Chevaliere Zde\u0148ka a Heleny Ryt\u00ed\u0159ov\u00fdch.<\/p>\n\n\n\n<figure class=\"wp-block-image size-full\"><a href=\"https:\/\/www.simunek.org\/blog\/wp-content\/uploads\/2023\/05\/Sagam_CDs.png\"><img loading=\"lazy\" decoding=\"async\" width=\"1024\" height=\"994\" src=\"https:\/\/www.simunek.org\/blog\/wp-content\/uploads\/2023\/05\/Sagam_CDs.png\" alt=\"Karl\u0161tejn virtu\u00e1ln\u00ed proch\u00e1zka, Po stop\u00e1ch stavitel\u016f pal\u00e1c\u016f a chr\u00e1m\u016f, Riskuj hra a Riskuj datadisk\" class=\"wp-image-877\" srcset=\"https:\/\/www.simunek.org\/blog\/wp-content\/uploads\/2023\/05\/Sagam_CDs.png 1024w, https:\/\/www.simunek.org\/blog\/wp-content\/uploads\/2023\/05\/Sagam_CDs-300x291.png 300w, https:\/\/www.simunek.org\/blog\/wp-content\/uploads\/2023\/05\/Sagam_CDs-768x746.png 768w\" sizes=\"auto, (max-width: 706px) 89vw, (max-width: 767px) 82vw, 740px\" \/><\/a><figcaption class=\"wp-element-caption\">Multimedi\u00e1ln\u00ed CD-ROMy z produkce Sagam<\/figcaption><\/figure>\n\n\n\n<p>Moje spolupr\u00e1ce s firmou Chevaliere pokra\u010duje dodnes. Hlavn\u00ed n\u00e1pln\u00ed m\u00e9 pr\u00e1ce je nahr\u00e1v\u00e1n\u00ed a editace audioknih. <\/p>\n\n\n\n<p>V r\u00e1mco m\u00e9ho podnik\u00e1n\u00ed spolupracuji jako technick\u00e1 podpora s r\u016fzn\u00fdmi kulturn\u00edmi akcemi jako je Mezin\u00e1rdn\u00ed filmov\u00fd festival karlovy Vary (zabezpe\u010den\u00ed projekc\u00ed ve Velk\u00e9m s\u00e1le kongresov\u00e9ho centra Thermal, A-Film Teens Fest festivale d\u011btsk\u00fdch film\u016f (p\u0159\u00edprava titulk\u016f a DCP pro festivalov\u00e1 kina), zvuka\u0159 p\u0159i kulturn\u00edch akc\u00edch tane\u010dn\u00ed \u0161koly Starstep v T\u0159eb\u00ed\u010di atd.<\/p>\n\n\n\n<figure class=\"wp-block-video\"><video controls poster=\"https:\/\/www.simunek.org\/blog\/wp-content\/uploads\/2023\/03\/udalostivkulture_kviff52_sestrih_3066.png\" src=\"https:\/\/www.simunek.org\/blog\/wp-content\/uploads\/2023\/03\/udalostivkulture_kviff52_sestrih.mp4\"><\/video><figcaption class=\"wp-element-caption\">Report\u00e1\u017e \u010cesk\u00e9 televize o prom\u00edta\u010d\u00edch z 52. ro\u010dn\u00edku KVIFF.<\/figcaption><\/figure>\n\n\n\n<p>Moment\u00e1ln\u011b velkou \u010d\u00e1st\u00ed m\u00e9 pracovn\u00ed n\u00e1pln\u011b je pr\u00e1ce v oboru dabingu nahr\u00e1v\u00e1n\u00ed a fin\u00e1ln\u00ed mix film\u016f a seri\u00e1l\u016f pro r\u016fzn\u00e9 spole\u010dnosti. (animovan\u00fd seri\u00e1l &#8222;Startrek Protostar&#8220;, &#8222;To je pony&#8220;, &#8222;Sisi II&#8220;, slovensk\u00fd seri\u00e1l &#8222;V\u011bdma&#8220; pro TV Voyo, celove\u010dern\u00ed filmy &#8222;Marry Me&#8220;, &#8222;Panstv\u00ed Downton Nov\u00e1 \u00e9ra&#8220;, &#8222;May Day&#8220; atd.)<\/p>\n\n\n\n<p>Od roku 2015 p\u016fsob\u00edm jako technick\u00fd oper\u00e1tor ve firm\u011b Blue Sky Film Distribution, kde vytv\u00e1\u0159\u00edm a provozuji programy pro automatizovanou distribuci seri\u00e1l\u016f a film\u016f v IPTV (p\u0159evody form\u00e1t\u016f spole\u010dnost\u00ed Disney, MinimaxTV, JimJam, National Geographic atd pro VodafoneTV).<\/p>\n\n\n\n<h1 class=\"wp-block-heading\"><strong>Nab\u00edzen\u00e9 slu\u017eby<\/strong><\/h1>\n\n\n\n<h3 class=\"wp-block-heading\"><strong>Zvuk<\/strong><\/h3>\n\n\n\n<ul class=\"wp-block-list\">\n<li>mixov\u00e1n\u00ed a mastering audiostopy k video projekt\u016fm<\/li>\n\n\n\n<li>ve spolupr\u00e1ci s partnersk\u00fdmi studii nab\u00edr\u00e1n\u00ed hlas\u016f pro dialogov\u00e9 pasy a nebo audioknihy<\/li>\n\n\n\n<li>tvorba dabingu film\u016f a seri\u00e1l\u016f [<a href=\"https:\/\/dabingforum.cz\/viewtopic.php?p=357229#p357229\" data-type=\"URL\" data-id=\"https:\/\/dabingforum.cz\/viewtopic.php?p=357229#p357229\" target=\"_blank\" rel=\"noreferrer noopener\">dabingforum<\/a>]<\/li>\n\n\n\n<li>n\u00e1b\u011br, st\u0159ih a mastering audioknih<\/li>\n<\/ul>\n\n\n\n<h3 class=\"wp-block-heading\"><strong>Programov\u00e1n\u00ed<\/strong><\/h3>\n\n\n\n<ul class=\"wp-block-list\">\n<li>automatizovan\u00e9 zpracov\u00e1n\u00ed velk\u00e9ho mno\u017estv\u00ed soubor\u016f: nap\u0159\u00edklad reencoding, resizing, zm\u011bny kontejner\u016f, kodek\u016f, multiplexov\u00e1n\u00ed, v\u00fdm\u011bna a nebo dopln\u011bn\u00ed audi\u00ed nebo podtitulk\u016f a dal\u0161\u00ed<\/li>\n\n\n\n<li>scriptov\u00e1n\u00ed v bash shell, php-cli, javascript a dal\u0161\u00ed<\/li>\n\n\n\n<li>konverze metadat mezi r\u016fzn\u00fdmi specifikacemi (CableLabs ADI, Movielabs, ale i Apple iTunes a dal\u0161\u00ed)<\/li>\n<\/ul>\n\n\n\n<h3 class=\"wp-block-heading\"><strong>Media Asset Management<\/strong><\/h3>\n\n\n\n<ul class=\"wp-block-list\">\n<li>Poradentsv\u00ed v oboru Media Asset Management (MAM). <\/li>\n<\/ul>\n\n\n\n<p><em>MAM je discipl\u00edna, kde se pomoc\u00ed metadat popisuj\u00ed jednotliv\u00e9 soubory a vztahy mezi nimy. MAM je syst\u00e9m, kter\u00fd umo\u017e\u0148uje udr\u017eovat v tis\u00edc\u00edch souborech po\u0159\u00e1dek a m\u00edt nad nimi plnou kontrolu.  P\u0159i\u0159azen\u00edm r\u016fzn\u00fdch \u0161t\u00edtk\u016f, \u017e\u00e1nr\u016f a dal\u0161\u00edch metadat snadno soubory dohled\u00e1te a sou\u010dasn\u011b syst\u00e9m udr\u017euje i pov\u011bdom\u00ed o verz\u00edch. MAM dok\u00e1\u017ee rozli\u0161ovat r\u016fzn\u00e9 verze filmu se shodn\u00fdm n\u00e1zvem (st\u0159ihov\u00e1 verze, jazykov\u00e1 verze, distribu\u010dn\u00ed oblast a pod.)<\/em><\/p>\n\n\n\n<h3 class=\"wp-block-heading\"><strong>Audio a video distribu\u010dn\u00ed postprodukce<\/strong><\/h3>\n\n\n\n<ul class=\"wp-block-list\">\n<li> p\u0159\u00edprava videa a audia pro VOD podle dan\u00fdch specifikac\u00ed (nap\u0159\u00edklad Youtube, Netflix, GooglePlay, Microsoft TV, AppleTV+ a pod.)<\/li>\n\n\n\n<li>p\u0159iprava videa a audia pro vys\u00edl\u00e1n\u00ed v TV podle specifikac\u00ed jednotliv\u00fdch televizn\u00edch spole\u010dnost\u00ed,<\/li>\n\n\n\n<li>p\u0159\u00edprava digit\u00e1ln\u00edch filmov\u00fdch kopi\u00ed pro kina DCP,<\/li>\n\n\n\n<li>mastering CD-DA, CD-ROM, DVD, BlueRay disk\u016f.<\/li>\n<\/ul>\n\n\n\n<h3 class=\"wp-block-heading\"><strong>Poradentsv\u00ed v oboru<\/strong><\/h3>\n\n\n\n<ul class=\"wp-block-list\">\n<li>poradentsv\u00ed a podpora p\u0159i filmov\u00e9 produkci (amt\u00e9rsk\u00e9 i profesion\u00e1ln\u00ed)<\/li>\n\n\n\n<li>poradentsv\u00ed za\u010d\u00ednaj\u00edc\u00edm zvuka\u0159\u016fm a filma\u0159\u016fm<\/li>\n\n\n\n<li>pomoc p\u0159i v\u00fdrob\u011b podcast\u016f a videocast\u016f, p\u0159\u00edpadn\u00e1 spolupr\u00e1ce p\u0159i jejich v\u00fdrob\u011b.<\/li>\n<\/ul>\n\n\n\n<h3 class=\"wp-block-heading\"><strong>R\u016fzn\u00e9 slu\u017eby<\/strong><\/h3>\n\n\n\n<ul class=\"wp-block-list\">\n<li>st\u0159ih a kompletace vide\u00ed<\/li>\n\n\n\n<li>st\u0159ih a kompletace zvukov\u00fdch a hudebn\u00edch nahr\u00e1vek<\/li>\n\n\n\n<li>v\u00fdroba vyzv\u00e1n\u011bc\u00edch zvuk\u016f do telefon\u016f<\/li>\n\n\n\n<li>v\u00fdroba animovan\u00fdch baner\u016f <\/li>\n\n\n\n<li>tvorba video p\u0159\u00edsp\u011bvk\u016f pro soci\u00e1ln\u00ed s\u00edt\u011b<\/li>\n<\/ul>\n\n\n\n<figure class=\"wp-block-gallery has-nested-images columns-default is-cropped wp-block-gallery-1 is-layout-flex wp-block-gallery-is-layout-flex\">\n<figure class=\"wp-block-image size-large\"><a href=\"https:\/\/www.simunek.org\/blog\/wp-content\/uploads\/2023\/07\/MrMalek-Nataceni-Lauznerka.png\"><img loading=\"lazy\" decoding=\"async\" width=\"1024\" height=\"644\" data-id=\"883\" src=\"https:\/\/www.simunek.org\/blog\/wp-content\/uploads\/2023\/07\/MrMalek-Nataceni-Lauznerka-1024x644.png\" alt=\"Filming a new video for Mr. M\u00e1lek's channel.\" class=\"wp-image-883\" srcset=\"https:\/\/www.simunek.org\/blog\/wp-content\/uploads\/2023\/07\/MrMalek-Nataceni-Lauznerka-1024x644.png 1024w, https:\/\/www.simunek.org\/blog\/wp-content\/uploads\/2023\/07\/MrMalek-Nataceni-Lauznerka-300x189.png 300w, https:\/\/www.simunek.org\/blog\/wp-content\/uploads\/2023\/07\/MrMalek-Nataceni-Lauznerka-768x483.png 768w, https:\/\/www.simunek.org\/blog\/wp-content\/uploads\/2023\/07\/MrMalek-Nataceni-Lauznerka-1536x966.png 1536w, https:\/\/www.simunek.org\/blog\/wp-content\/uploads\/2023\/07\/MrMalek-Nataceni-Lauznerka.png 1718w\" sizes=\"auto, (max-width: 706px) 89vw, (max-width: 767px) 82vw, 740px\" \/><\/a><figcaption class=\"wp-element-caption\">Petr Simunek camera 1<\/figcaption><\/figure>\n\n\n\n<figure class=\"wp-block-image size-large\"><a href=\"https:\/\/www.simunek.org\/blog\/wp-content\/uploads\/2023\/06\/svenkr.png\"><img loading=\"lazy\" decoding=\"async\" width=\"761\" height=\"1024\" data-id=\"880\" src=\"https:\/\/www.simunek.org\/blog\/wp-content\/uploads\/2023\/06\/svenkr-761x1024.png\" alt=\"Petr \u0160im\u016fnek\" class=\"wp-image-880\" srcset=\"https:\/\/www.simunek.org\/blog\/wp-content\/uploads\/2023\/06\/svenkr-761x1024.png 761w, https:\/\/www.simunek.org\/blog\/wp-content\/uploads\/2023\/06\/svenkr-223x300.png 223w, https:\/\/www.simunek.org\/blog\/wp-content\/uploads\/2023\/06\/svenkr-768x1034.png 768w, https:\/\/www.simunek.org\/blog\/wp-content\/uploads\/2023\/06\/svenkr-1141x1536.png 1141w, https:\/\/www.simunek.org\/blog\/wp-content\/uploads\/2023\/06\/svenkr-1521x2048.png 1521w\" sizes=\"auto, (max-width: 706px) 89vw, (max-width: 767px) 82vw, 740px\" \/><\/a><figcaption class=\"wp-element-caption\">Nat\u00e1\u010den\u00ed pro YouTube kan\u00e1l Mistr M\u00e1lek<\/figcaption><\/figure>\n\n\n\n<figure class=\"wp-block-image size-large\"><a href=\"https:\/\/www.simunek.org\/blog\/wp-content\/uploads\/2023\/04\/IMG_4376.jpeg\"><img loading=\"lazy\" decoding=\"async\" width=\"640\" height=\"480\" data-id=\"873\" src=\"https:\/\/www.simunek.org\/blog\/wp-content\/uploads\/2023\/04\/IMG_4376.jpeg\" alt=\"Nat\u00e1\u010den\u00ed Mistr M\u00e1lek\" class=\"wp-image-873\" srcset=\"https:\/\/www.simunek.org\/blog\/wp-content\/uploads\/2023\/04\/IMG_4376.jpeg 640w, https:\/\/www.simunek.org\/blog\/wp-content\/uploads\/2023\/04\/IMG_4376-300x225.jpeg 300w\" sizes=\"auto, (max-width: 640px) 100vw, 640px\" \/><\/a><figcaption class=\"wp-element-caption\">Nat\u00e1\u010den\u00ed Mistr M\u00e1lek<\/figcaption><\/figure>\n<\/figure>\n","protected":false},"excerpt":{"rendered":"<p>absolvent \u010cVUT, fakulta elektrotechnick\u00e1, obor program\u00e1tor Zvukov\u00fd in\u017een\u00fdr se specializac\u00ed na film a video postprodukci, lokalizaci audio stop do \u010de\u0161tiny (dabing), tvorbu audioknih Od roku 1989 jsem se zab\u00fdval po\u010d\u00edta\u010dovou grafikou a DTP, novou digit\u00e1ln\u00ed sazbou novin, \u010dasopis\u016f, knih, p\u0159\u00edpravou p\u0159ebal\u016f hudebn\u00edch nosi\u010d\u016f. Od roku 1993 jsem podnikal s hudebn\u00edm skladatelem a texta\u0159em Zde\u0148kem Ryt\u00ed\u0159em &hellip; <\/p>\n<p class=\"link-more\"><a href=\"https:\/\/www.simunek.org\/blog\/\" class=\"more-link\">Pokra\u010dovat ve \u010dten\u00ed<span class=\"screen-reader-text\"> &#8222;Dipl. Ing. Petr \u0160im\u016fnek&#8220;<\/span><\/a><\/p>\n","protected":false},"author":1,"featured_media":0,"parent":0,"menu_order":0,"comment_status":"closed","ping_status":"closed","template":"","meta":{"ngg_post_thumbnail":0,"footnotes":""},"class_list":["post-827","page","type-page","status-publish","hentry"],"yoast_head":"<!-- This site is optimized with the Yoast SEO plugin v26.2 - https:\/\/yoast.com\/wordpress\/plugins\/seo\/ -->\n<title>Dipl. Ing. Petr \u0160im\u016fnek - slu\u017eby v oborech audio, video, film<\/title>\n<meta name=\"robots\" content=\"index, follow, max-snippet:-1, max-image-preview:large, max-video-preview:-1\" \/>\n<link rel=\"canonical\" href=\"https:\/\/www.simunek.org\/blog\/\" \/>\n<meta property=\"og:locale\" content=\"cs_CZ\" \/>\n<meta property=\"og:type\" content=\"article\" \/>\n<meta property=\"og:title\" content=\"Dipl. Ing. Petr \u0160im\u016fnek - slu\u017eby v oborech audio, video, film\" \/>\n<meta property=\"og:description\" content=\"absolvent \u010cVUT, fakulta elektrotechnick\u00e1, obor program\u00e1tor Zvukov\u00fd in\u017een\u00fdr se specializac\u00ed na film a video postprodukci, lokalizaci audio stop do \u010de\u0161tiny (dabing), tvorbu audioknih Od roku 1989 jsem se zab\u00fdval po\u010d\u00edta\u010dovou grafikou a DTP, novou digit\u00e1ln\u00ed sazbou novin, \u010dasopis\u016f, knih, p\u0159\u00edpravou p\u0159ebal\u016f hudebn\u00edch nosi\u010d\u016f. Od roku 1993 jsem podnikal s hudebn\u00edm skladatelem a texta\u0159em Zde\u0148kem Ryt\u00ed\u0159em &hellip; Pokra\u010dovat ve \u010dten\u00ed &quot;Dipl. Ing. Petr \u0160im\u016fnek&quot;\" \/>\n<meta property=\"og:url\" content=\"https:\/\/www.simunek.org\/blog\/\" \/>\n<meta property=\"og:site_name\" content=\"slu\u017eby v oborech audio, video, film\" \/>\n<meta property=\"article:modified_time\" content=\"2023-09-01T10:44:25+00:00\" \/>\n<meta property=\"og:image\" content=\"https:\/\/www.simunek.org\/blog\/wp-content\/uploads\/2023\/05\/Sagam_CDs.png\" \/>\n<meta name=\"twitter:card\" content=\"summary_large_image\" \/>\n<meta name=\"twitter:label1\" content=\"Odhadovan\u00e1 doba \u010dten\u00ed\" \/>\n\t<meta name=\"twitter:data1\" content=\"4 minuty\" \/>\n<script type=\"application\/ld+json\" class=\"yoast-schema-graph\">{\"@context\":\"https:\/\/schema.org\",\"@graph\":[{\"@type\":\"WebPage\",\"@id\":\"https:\/\/www.simunek.org\/blog\/\",\"url\":\"https:\/\/www.simunek.org\/blog\/\",\"name\":\"Dipl. Ing. Petr \u0160im\u016fnek - slu\u017eby v oborech audio, video, film\",\"isPartOf\":{\"@id\":\"https:\/\/www.simunek.org\/blog\/#website\"},\"primaryImageOfPage\":{\"@id\":\"https:\/\/www.simunek.org\/blog\/#primaryimage\"},\"image\":{\"@id\":\"https:\/\/www.simunek.org\/blog\/#primaryimage\"},\"thumbnailUrl\":\"https:\/\/www.simunek.org\/blog\/wp-content\/uploads\/2023\/05\/Sagam_CDs.png\",\"datePublished\":\"2023-01-04T21:45:04+00:00\",\"dateModified\":\"2023-09-01T10:44:25+00:00\",\"breadcrumb\":{\"@id\":\"https:\/\/www.simunek.org\/blog\/#breadcrumb\"},\"inLanguage\":\"cs\",\"potentialAction\":[{\"@type\":\"ReadAction\",\"target\":[\"https:\/\/www.simunek.org\/blog\/\"]}]},{\"@type\":\"ImageObject\",\"inLanguage\":\"cs\",\"@id\":\"https:\/\/www.simunek.org\/blog\/#primaryimage\",\"url\":\"https:\/\/www.simunek.org\/blog\/wp-content\/uploads\/2023\/05\/Sagam_CDs.png\",\"contentUrl\":\"https:\/\/www.simunek.org\/blog\/wp-content\/uploads\/2023\/05\/Sagam_CDs.png\"},{\"@type\":\"BreadcrumbList\",\"@id\":\"https:\/\/www.simunek.org\/blog\/#breadcrumb\",\"itemListElement\":[{\"@type\":\"ListItem\",\"position\":1,\"name\":\"Dom\u016f\",\"item\":\"https:\/\/www.simunek.org\/blog\/\"},{\"@type\":\"ListItem\",\"position\":2,\"name\":\"Dipl. Ing. Petr \u0160im\u016fnek\"}]},{\"@type\":\"WebSite\",\"@id\":\"https:\/\/www.simunek.org\/blog\/#website\",\"url\":\"https:\/\/www.simunek.org\/blog\/\",\"name\":\"slu\u017eby v oborech audio, video, film\",\"description\":\"Petr \u0160im\u016fnek\",\"publisher\":{\"@id\":\"https:\/\/www.simunek.org\/blog\/#\/schema\/person\/7c3f30edc306cc4c248d4df6497fbe53\"},\"potentialAction\":[{\"@type\":\"SearchAction\",\"target\":{\"@type\":\"EntryPoint\",\"urlTemplate\":\"https:\/\/www.simunek.org\/blog\/?s={search_term_string}\"},\"query-input\":{\"@type\":\"PropertyValueSpecification\",\"valueRequired\":true,\"valueName\":\"search_term_string\"}}],\"inLanguage\":\"cs\"},{\"@type\":[\"Person\",\"Organization\"],\"@id\":\"https:\/\/www.simunek.org\/blog\/#\/schema\/person\/7c3f30edc306cc4c248d4df6497fbe53\",\"name\":\"pesi\",\"image\":{\"@type\":\"ImageObject\",\"inLanguage\":\"cs\",\"@id\":\"https:\/\/www.simunek.org\/blog\/#\/schema\/person\/image\/\",\"url\":\"https:\/\/www.simunek.org\/blog\/wp-content\/uploads\/2023\/09\/PeSi_self.jpg\",\"contentUrl\":\"https:\/\/www.simunek.org\/blog\/wp-content\/uploads\/2023\/09\/PeSi_self.jpg\",\"width\":480,\"height\":600,\"caption\":\"pesi\"},\"logo\":{\"@id\":\"https:\/\/www.simunek.org\/blog\/#\/schema\/person\/image\/\"},\"sameAs\":[\"http:\/\/www.simunek.org\",\"https:\/\/www.linkedin.com\/in\/petr-\u0161im\u016fnek-25667764\/\"]}]}<\/script>\n<!-- \/ Yoast SEO plugin. -->","yoast_head_json":{"title":"Dipl. Ing. Petr \u0160im\u016fnek - slu\u017eby v oborech audio, video, film","robots":{"index":"index","follow":"follow","max-snippet":"max-snippet:-1","max-image-preview":"max-image-preview:large","max-video-preview":"max-video-preview:-1"},"canonical":"https:\/\/www.simunek.org\/blog\/","og_locale":"cs_CZ","og_type":"article","og_title":"Dipl. Ing. Petr \u0160im\u016fnek - slu\u017eby v oborech audio, video, film","og_description":"absolvent \u010cVUT, fakulta elektrotechnick\u00e1, obor program\u00e1tor Zvukov\u00fd in\u017een\u00fdr se specializac\u00ed na film a video postprodukci, lokalizaci audio stop do \u010de\u0161tiny (dabing), tvorbu audioknih Od roku 1989 jsem se zab\u00fdval po\u010d\u00edta\u010dovou grafikou a DTP, novou digit\u00e1ln\u00ed sazbou novin, \u010dasopis\u016f, knih, p\u0159\u00edpravou p\u0159ebal\u016f hudebn\u00edch nosi\u010d\u016f. Od roku 1993 jsem podnikal s hudebn\u00edm skladatelem a texta\u0159em Zde\u0148kem Ryt\u00ed\u0159em &hellip; Pokra\u010dovat ve \u010dten\u00ed \"Dipl. Ing. Petr \u0160im\u016fnek\"","og_url":"https:\/\/www.simunek.org\/blog\/","og_site_name":"slu\u017eby v oborech audio, video, film","article_modified_time":"2023-09-01T10:44:25+00:00","og_image":[{"url":"https:\/\/www.simunek.org\/blog\/wp-content\/uploads\/2023\/05\/Sagam_CDs.png","type":"","width":"","height":""}],"twitter_card":"summary_large_image","twitter_misc":{"Odhadovan\u00e1 doba \u010dten\u00ed":"4 minuty"},"schema":{"@context":"https:\/\/schema.org","@graph":[{"@type":"WebPage","@id":"https:\/\/www.simunek.org\/blog\/","url":"https:\/\/www.simunek.org\/blog\/","name":"Dipl. Ing. Petr \u0160im\u016fnek - slu\u017eby v oborech audio, video, film","isPartOf":{"@id":"https:\/\/www.simunek.org\/blog\/#website"},"primaryImageOfPage":{"@id":"https:\/\/www.simunek.org\/blog\/#primaryimage"},"image":{"@id":"https:\/\/www.simunek.org\/blog\/#primaryimage"},"thumbnailUrl":"https:\/\/www.simunek.org\/blog\/wp-content\/uploads\/2023\/05\/Sagam_CDs.png","datePublished":"2023-01-04T21:45:04+00:00","dateModified":"2023-09-01T10:44:25+00:00","breadcrumb":{"@id":"https:\/\/www.simunek.org\/blog\/#breadcrumb"},"inLanguage":"cs","potentialAction":[{"@type":"ReadAction","target":["https:\/\/www.simunek.org\/blog\/"]}]},{"@type":"ImageObject","inLanguage":"cs","@id":"https:\/\/www.simunek.org\/blog\/#primaryimage","url":"https:\/\/www.simunek.org\/blog\/wp-content\/uploads\/2023\/05\/Sagam_CDs.png","contentUrl":"https:\/\/www.simunek.org\/blog\/wp-content\/uploads\/2023\/05\/Sagam_CDs.png"},{"@type":"BreadcrumbList","@id":"https:\/\/www.simunek.org\/blog\/#breadcrumb","itemListElement":[{"@type":"ListItem","position":1,"name":"Dom\u016f","item":"https:\/\/www.simunek.org\/blog\/"},{"@type":"ListItem","position":2,"name":"Dipl. Ing. Petr \u0160im\u016fnek"}]},{"@type":"WebSite","@id":"https:\/\/www.simunek.org\/blog\/#website","url":"https:\/\/www.simunek.org\/blog\/","name":"slu\u017eby v oborech audio, video, film","description":"Petr \u0160im\u016fnek","publisher":{"@id":"https:\/\/www.simunek.org\/blog\/#\/schema\/person\/7c3f30edc306cc4c248d4df6497fbe53"},"potentialAction":[{"@type":"SearchAction","target":{"@type":"EntryPoint","urlTemplate":"https:\/\/www.simunek.org\/blog\/?s={search_term_string}"},"query-input":{"@type":"PropertyValueSpecification","valueRequired":true,"valueName":"search_term_string"}}],"inLanguage":"cs"},{"@type":["Person","Organization"],"@id":"https:\/\/www.simunek.org\/blog\/#\/schema\/person\/7c3f30edc306cc4c248d4df6497fbe53","name":"pesi","image":{"@type":"ImageObject","inLanguage":"cs","@id":"https:\/\/www.simunek.org\/blog\/#\/schema\/person\/image\/","url":"https:\/\/www.simunek.org\/blog\/wp-content\/uploads\/2023\/09\/PeSi_self.jpg","contentUrl":"https:\/\/www.simunek.org\/blog\/wp-content\/uploads\/2023\/09\/PeSi_self.jpg","width":480,"height":600,"caption":"pesi"},"logo":{"@id":"https:\/\/www.simunek.org\/blog\/#\/schema\/person\/image\/"},"sameAs":["http:\/\/www.simunek.org","https:\/\/www.linkedin.com\/in\/petr-\u0161im\u016fnek-25667764\/"]}]}},"_links":{"self":[{"href":"https:\/\/www.simunek.org\/blog\/wp-json\/wp\/v2\/pages\/827","targetHints":{"allow":["GET"]}}],"collection":[{"href":"https:\/\/www.simunek.org\/blog\/wp-json\/wp\/v2\/pages"}],"about":[{"href":"https:\/\/www.simunek.org\/blog\/wp-json\/wp\/v2\/types\/page"}],"author":[{"embeddable":true,"href":"https:\/\/www.simunek.org\/blog\/wp-json\/wp\/v2\/users\/1"}],"replies":[{"embeddable":true,"href":"https:\/\/www.simunek.org\/blog\/wp-json\/wp\/v2\/comments?post=827"}],"version-history":[{"count":27,"href":"https:\/\/www.simunek.org\/blog\/wp-json\/wp\/v2\/pages\/827\/revisions"}],"predecessor-version":[{"id":889,"href":"https:\/\/www.simunek.org\/blog\/wp-json\/wp\/v2\/pages\/827\/revisions\/889"}],"wp:attachment":[{"href":"https:\/\/www.simunek.org\/blog\/wp-json\/wp\/v2\/media?parent=827"}],"curies":[{"name":"wp","href":"https:\/\/api.w.org\/{rel}","templated":true}]}}